{"id":108,"date":"2017-06-02T18:29:13","date_gmt":"2017-06-02T22:29:13","guid":{"rendered":"https:\/\/www.margaritaechenique.com\/?page_id=108"},"modified":"2026-04-16T12:51:24","modified_gmt":"2026-04-16T16:51:24","slug":"info","status":"publish","type":"page","link":"https:\/\/www.margaritaechenique.com\/en\/info\/","title":{"rendered":"Info"},"content":{"rendered":"<p>Independent graphic designer and artist based in Belgium. I mainly focus on visual identity and editorial design projects, integrating illustration and other disciplines. I combine creativity with a strategic vision, adapting to the needs of each project and turning complex or abstract ideas into designs that feel simple, coherent, and intentional.<\/p>\n<p>I hold a degree in Strategic Design from the Catholic University of Chile (2016), later following studies in art direction and editorial design at EINA (Barcelona, Spain).<\/p>\n<p>I constantly collaborate with institutions, companies, and independent projects across a wide range of fields, which you can check out here and on my social media.\u00a0<\/p>\n<p><span style=\"color: #000000;\">If you have an idea, let's talk! \u263b<\/span><br \/><span style=\"color: #000000;\">\u2192 <a style=\"color: #000000;\" href=\"mailto:hola@margaritaechenique.com\">hola@margaritaechenique.com<\/a><\/span><br \/><span style=\"color: #000000;\">\u2192<a style=\"color: #000000;\" href=\"tel:32465320802\">+32 465 32 08 02<\/a><\/span><\/p>\n<h6><a href=\"https:\/\/www.instagram.com\/_margaritaes\/\" target=\"_blank\" rel=\"noreferrer noopener\">Instagram<\/a> <br \/><a href=\"https:\/\/www.behance.net\/margaritaes\" target=\"_blank\" rel=\"noreferrer noopener\">Behance<\/a><br \/><a href=\"https:\/\/www.pinterest.cl\/margaritaes_\">Pinterest<\/a><br \/><a href=\"https:\/\/www.linkedin.com\/in\/margarita-echenique\/\" target=\"_blank\" rel=\"noreferrer noopener\">Linkedin<\/a><\/h6>\n<h6>To view the catalog of prints availables for purchase, click\u00a0<a href=\"https:\/\/www.margaritaechenique.com\/wp-content\/uploads\/2025\/12\/catalogo-obras-me-2026.pdf\">here<\/a>.<\/h6>\n\n\n<p><\/p>\n\n\n\n<p><\/p>\n\n\n\n<p class=\"has-small-font-size\"><\/p>","protected":false},"excerpt":{"rendered":"<p>Dise\u00f1adora y artista gr\u00e1fica independiente. Me enfoco principalmente en proyectos de identidad visual y dise\u00f1o editorial, integrando la tipograf\u00eda, la ilustraci\u00f3n y otras disciplinas. Combino la creatividad con una visi\u00f3n estrat\u00e9gica, adapt\u00e1ndome a las necesidades de cada proyecto y transformando ideas complejas o abstractas, en dise\u00f1os que se sienten simples, coherentes e intencionales. Nacida en [&hellip;]<\/p>\n","protected":false},"author":1,"featured_media":0,"parent":0,"menu_order":0,"comment_status":"closed","ping_status":"closed","template":"","meta":{"_monsterinsights_skip_tracking":false,"_monsterinsights_sitenote_active":false,"_monsterinsights_sitenote_note":"","_monsterinsights_sitenote_category":0,"footnotes":""},"class_list":["post-108","page","type-page","status-publish","hentry"],"yoast_head":"<!-- This site is optimized with the Yoast SEO plugin v27.4 - https:\/\/yoast.com\/product\/yoast-seo-wordpress\/ -->\n<title>Info | Margarita Echenique<\/title>\n<meta name=\"description\" content=\"Dise\u00f1adora y artista gr\u00e1fica independiente. Me enfoco principalmente en proyectos de identidad visual y dise\u00f1o editorial, integrando la tipograf\u00eda, la ilustraci\u00f3n y otras disciplinas. Combino la creatividad con una visi\u00f3n estrat\u00e9gica, adapt\u00e1ndome a las necesidades de cada proyecto, con gran sensibilidad conceptual y visual.Nacida en Chile viviendo actualmente en B\u00e9lgica. Obtuve el t\u00edtulo de Dise\u00f1adora Integral en la Universidad Cat\u00f3lica de Chile en el a\u00f1o 2016, siguiendo m\u00e1s tarde estudios en direcci\u00f3n de arte y dise\u00f1o editorial en EINA (Barcelona, Espa\u00f1a).Colaboro constantemente con instituciones, empresas y proyectos independientes de una amplia variedad de \u00e1reas que puedes revisar aqu\u00ed y en mis redes sociales.\u00a0Si tienes una idea, hablemos! hola@margaritaechenique.com +32 465 32 08 02\" \/>\n<meta name=\"robots\" content=\"index, follow, max-snippet:-1, max-image-preview:large, max-video-preview:-1\" \/>\n<link rel=\"canonical\" href=\"https:\/\/www.margaritaechenique.com\/en\/info\/\" \/>\n<meta property=\"og:locale\" content=\"en_US\" \/>\n<meta property=\"og:type\" content=\"article\" \/>\n<meta property=\"og:title\" content=\"Info | Margarita Echenique\" \/>\n<meta property=\"og:description\" content=\"Dise\u00f1adora y artista gr\u00e1fica independiente. Me enfoco principalmente en proyectos de identidad visual y dise\u00f1o editorial, integrando la tipograf\u00eda, la ilustraci\u00f3n y otras disciplinas. Combino la creatividad con una visi\u00f3n estrat\u00e9gica, adapt\u00e1ndome a las necesidades de cada proyecto, con gran sensibilidad conceptual y visual.Nacida en Chile viviendo actualmente en B\u00e9lgica. Obtuve el t\u00edtulo de Dise\u00f1adora Integral en la Universidad Cat\u00f3lica de Chile en el a\u00f1o 2016, siguiendo m\u00e1s tarde estudios en direcci\u00f3n de arte y dise\u00f1o editorial en EINA (Barcelona, Espa\u00f1a).Colaboro constantemente con instituciones, empresas y proyectos independientes de una amplia variedad de \u00e1reas que puedes revisar aqu\u00ed y en mis redes sociales.\u00a0Si tienes una idea, hablemos! hola@margaritaechenique.com +32 465 32 08 02\" \/>\n<meta property=\"og:url\" content=\"https:\/\/www.margaritaechenique.com\/en\/info\/\" \/>\n<meta property=\"og:site_name\" content=\"Margarita Echenique\" \/>\n<meta property=\"article:modified_time\" content=\"2026-04-16T16:51:24+00:00\" \/>\n<meta name=\"twitter:card\" content=\"summary_large_image\" \/>\n<meta name=\"twitter:label1\" content=\"Est. reading time\" \/>\n\t<meta name=\"twitter:data1\" content=\"1 minute\" \/>\n<script type=\"application\/ld+json\" class=\"yoast-schema-graph\">{\"@context\":\"https:\\\/\\\/schema.org\",\"@graph\":[{\"@type\":\"WebPage\",\"@id\":\"https:\\\/\\\/www.margaritaechenique.com\\\/info\\\/\",\"url\":\"https:\\\/\\\/www.margaritaechenique.com\\\/info\\\/\",\"name\":\"Info | Margarita Echenique\",\"isPartOf\":{\"@id\":\"https:\\\/\\\/www.margaritaechenique.com\\\/#website\"},\"datePublished\":\"2017-06-02T22:29:13+00:00\",\"dateModified\":\"2026-04-16T16:51:24+00:00\",\"description\":\"Dise\u00f1adora y artista gr\u00e1fica independiente. Me enfoco principalmente en proyectos de identidad visual y dise\u00f1o editorial, integrando la tipograf\u00eda, la ilustraci\u00f3n y otras disciplinas. Combino la creatividad con una visi\u00f3n estrat\u00e9gica, adapt\u00e1ndome a las necesidades de cada proyecto, con gran sensibilidad conceptual y visual.Nacida en Chile viviendo actualmente en B\u00e9lgica. Obtuve el t\u00edtulo de Dise\u00f1adora Integral en la Universidad Cat\u00f3lica de Chile en el a\u00f1o 2016, siguiendo m\u00e1s tarde estudios en direcci\u00f3n de arte y dise\u00f1o editorial en EINA (Barcelona, Espa\u00f1a).Colaboro constantemente con instituciones, empresas y proyectos independientes de una amplia variedad de \u00e1reas que puedes revisar aqu\u00ed y en mis redes sociales.\u00a0Si tienes una idea, hablemos! hola@margaritaechenique.com +32 465 32 08 02\",\"breadcrumb\":{\"@id\":\"https:\\\/\\\/www.margaritaechenique.com\\\/info\\\/#breadcrumb\"},\"inLanguage\":\"en-US\",\"potentialAction\":[{\"@type\":\"ReadAction\",\"target\":[\"https:\\\/\\\/www.margaritaechenique.com\\\/info\\\/\"]}]},{\"@type\":\"BreadcrumbList\",\"@id\":\"https:\\\/\\\/www.margaritaechenique.com\\\/info\\\/#breadcrumb\",\"itemListElement\":[{\"@type\":\"ListItem\",\"position\":1,\"name\":\"Portada\",\"item\":\"https:\\\/\\\/www.margaritaechenique.com\\\/\"},{\"@type\":\"ListItem\",\"position\":2,\"name\":\"Info\"}]},{\"@type\":\"WebSite\",\"@id\":\"https:\\\/\\\/www.margaritaechenique.com\\\/#website\",\"url\":\"https:\\\/\\\/www.margaritaechenique.com\\\/\",\"name\":\"Margarita Echenique\",\"description\":\"Dise\u00f1o &amp; Artes Visuales\",\"publisher\":{\"@id\":\"https:\\\/\\\/www.margaritaechenique.com\\\/#\\\/schema\\\/person\\\/204fb58acb5990971c720d2c6e714346\"},\"potentialAction\":[{\"@type\":\"SearchAction\",\"target\":{\"@type\":\"EntryPoint\",\"urlTemplate\":\"https:\\\/\\\/www.margaritaechenique.com\\\/?s={search_term_string}\"},\"query-input\":{\"@type\":\"PropertyValueSpecification\",\"valueRequired\":true,\"valueName\":\"search_term_string\"}}],\"inLanguage\":\"en-US\"},{\"@type\":[\"Person\",\"Organization\"],\"@id\":\"https:\\\/\\\/www.margaritaechenique.com\\\/#\\\/schema\\\/person\\\/204fb58acb5990971c720d2c6e714346\",\"name\":\"margarita\",\"image\":{\"@type\":\"ImageObject\",\"inLanguage\":\"en-US\",\"@id\":\"https:\\\/\\\/secure.gravatar.com\\\/avatar\\\/3f6cf1874f390fc60a88eb74e750d494ddec20528df1e8c69c19b93bc9b7e1a8?s=96&d=mm&r=g\",\"url\":\"https:\\\/\\\/secure.gravatar.com\\\/avatar\\\/3f6cf1874f390fc60a88eb74e750d494ddec20528df1e8c69c19b93bc9b7e1a8?s=96&d=mm&r=g\",\"contentUrl\":\"https:\\\/\\\/secure.gravatar.com\\\/avatar\\\/3f6cf1874f390fc60a88eb74e750d494ddec20528df1e8c69c19b93bc9b7e1a8?s=96&d=mm&r=g\",\"caption\":\"margarita\"},\"logo\":{\"@id\":\"https:\\\/\\\/secure.gravatar.com\\\/avatar\\\/3f6cf1874f390fc60a88eb74e750d494ddec20528df1e8c69c19b93bc9b7e1a8?s=96&d=mm&r=g\"},\"sameAs\":[\"https:\\\/\\\/www.instagram.com\\\/_margaritaes\"]}]}<\/script>\n<!-- \/ Yoast SEO plugin. -->","yoast_head_json":{"title":"Info | Margarita Echenique","description":"Dise\u00f1adora y artista gr\u00e1fica independiente. Me enfoco principalmente en proyectos de identidad visual y dise\u00f1o editorial, integrando la tipograf\u00eda, la ilustraci\u00f3n y otras disciplinas. Combino la creatividad con una visi\u00f3n estrat\u00e9gica, adapt\u00e1ndome a las necesidades de cada proyecto, con gran sensibilidad conceptual y visual.Nacida en Chile viviendo actualmente en B\u00e9lgica. Obtuve el t\u00edtulo de Dise\u00f1adora Integral en la Universidad Cat\u00f3lica de Chile en el a\u00f1o 2016, siguiendo m\u00e1s tarde estudios en direcci\u00f3n de arte y dise\u00f1o editorial en EINA (Barcelona, Espa\u00f1a).Colaboro constantemente con instituciones, empresas y proyectos independientes de una amplia variedad de \u00e1reas que puedes revisar aqu\u00ed y en mis redes sociales.\u00a0Si tienes una idea, hablemos! hola@margaritaechenique.com +32 465 32 08 02","robots":{"index":"index","follow":"follow","max-snippet":"max-snippet:-1","max-image-preview":"max-image-preview:large","max-video-preview":"max-video-preview:-1"},"canonical":"https:\/\/www.margaritaechenique.com\/en\/info\/","og_locale":"en_US","og_type":"article","og_title":"Info | Margarita Echenique","og_description":"Dise\u00f1adora y artista gr\u00e1fica independiente. Me enfoco principalmente en proyectos de identidad visual y dise\u00f1o editorial, integrando la tipograf\u00eda, la ilustraci\u00f3n y otras disciplinas. Combino la creatividad con una visi\u00f3n estrat\u00e9gica, adapt\u00e1ndome a las necesidades de cada proyecto, con gran sensibilidad conceptual y visual.Nacida en Chile viviendo actualmente en B\u00e9lgica. Obtuve el t\u00edtulo de Dise\u00f1adora Integral en la Universidad Cat\u00f3lica de Chile en el a\u00f1o 2016, siguiendo m\u00e1s tarde estudios en direcci\u00f3n de arte y dise\u00f1o editorial en EINA (Barcelona, Espa\u00f1a).Colaboro constantemente con instituciones, empresas y proyectos independientes de una amplia variedad de \u00e1reas que puedes revisar aqu\u00ed y en mis redes sociales.\u00a0Si tienes una idea, hablemos! hola@margaritaechenique.com +32 465 32 08 02","og_url":"https:\/\/www.margaritaechenique.com\/en\/info\/","og_site_name":"Margarita Echenique","article_modified_time":"2026-04-16T16:51:24+00:00","twitter_card":"summary_large_image","twitter_misc":{"Est. reading time":"1 minute"},"schema":{"@context":"https:\/\/schema.org","@graph":[{"@type":"WebPage","@id":"https:\/\/www.margaritaechenique.com\/info\/","url":"https:\/\/www.margaritaechenique.com\/info\/","name":"Info | Margarita Echenique","isPartOf":{"@id":"https:\/\/www.margaritaechenique.com\/#website"},"datePublished":"2017-06-02T22:29:13+00:00","dateModified":"2026-04-16T16:51:24+00:00","description":"Dise\u00f1adora y artista gr\u00e1fica independiente. Me enfoco principalmente en proyectos de identidad visual y dise\u00f1o editorial, integrando la tipograf\u00eda, la ilustraci\u00f3n y otras disciplinas. Combino la creatividad con una visi\u00f3n estrat\u00e9gica, adapt\u00e1ndome a las necesidades de cada proyecto, con gran sensibilidad conceptual y visual.Nacida en Chile viviendo actualmente en B\u00e9lgica. Obtuve el t\u00edtulo de Dise\u00f1adora Integral en la Universidad Cat\u00f3lica de Chile en el a\u00f1o 2016, siguiendo m\u00e1s tarde estudios en direcci\u00f3n de arte y dise\u00f1o editorial en EINA (Barcelona, Espa\u00f1a).Colaboro constantemente con instituciones, empresas y proyectos independientes de una amplia variedad de \u00e1reas que puedes revisar aqu\u00ed y en mis redes sociales.\u00a0Si tienes una idea, hablemos! hola@margaritaechenique.com +32 465 32 08 02","breadcrumb":{"@id":"https:\/\/www.margaritaechenique.com\/info\/#breadcrumb"},"inLanguage":"en-US","potentialAction":[{"@type":"ReadAction","target":["https:\/\/www.margaritaechenique.com\/info\/"]}]},{"@type":"BreadcrumbList","@id":"https:\/\/www.margaritaechenique.com\/info\/#breadcrumb","itemListElement":[{"@type":"ListItem","position":1,"name":"Portada","item":"https:\/\/www.margaritaechenique.com\/"},{"@type":"ListItem","position":2,"name":"Info"}]},{"@type":"WebSite","@id":"https:\/\/www.margaritaechenique.com\/#website","url":"https:\/\/www.margaritaechenique.com\/","name":"Margarita Echenique","description":"Design &amp; Visual Arts","publisher":{"@id":"https:\/\/www.margaritaechenique.com\/#\/schema\/person\/204fb58acb5990971c720d2c6e714346"},"potentialAction":[{"@type":"SearchAction","target":{"@type":"EntryPoint","urlTemplate":"https:\/\/www.margaritaechenique.com\/?s={search_term_string}"},"query-input":{"@type":"PropertyValueSpecification","valueRequired":true,"valueName":"search_term_string"}}],"inLanguage":"en-US"},{"@type":["Person","Organization"],"@id":"https:\/\/www.margaritaechenique.com\/#\/schema\/person\/204fb58acb5990971c720d2c6e714346","name":"margarita","image":{"@type":"ImageObject","inLanguage":"en-US","@id":"https:\/\/secure.gravatar.com\/avatar\/3f6cf1874f390fc60a88eb74e750d494ddec20528df1e8c69c19b93bc9b7e1a8?s=96&d=mm&r=g","url":"https:\/\/secure.gravatar.com\/avatar\/3f6cf1874f390fc60a88eb74e750d494ddec20528df1e8c69c19b93bc9b7e1a8?s=96&d=mm&r=g","contentUrl":"https:\/\/secure.gravatar.com\/avatar\/3f6cf1874f390fc60a88eb74e750d494ddec20528df1e8c69c19b93bc9b7e1a8?s=96&d=mm&r=g","caption":"margarita"},"logo":{"@id":"https:\/\/secure.gravatar.com\/avatar\/3f6cf1874f390fc60a88eb74e750d494ddec20528df1e8c69c19b93bc9b7e1a8?s=96&d=mm&r=g"},"sameAs":["https:\/\/www.instagram.com\/_margaritaes"]}]}},"_links":{"self":[{"href":"https:\/\/www.margaritaechenique.com\/en\/wp-json\/wp\/v2\/pages\/108","targetHints":{"allow":["GET"]}}],"collection":[{"href":"https:\/\/www.margaritaechenique.com\/en\/wp-json\/wp\/v2\/pages"}],"about":[{"href":"https:\/\/www.margaritaechenique.com\/en\/wp-json\/wp\/v2\/types\/page"}],"author":[{"embeddable":true,"href":"https:\/\/www.margaritaechenique.com\/en\/wp-json\/wp\/v2\/users\/1"}],"replies":[{"embeddable":true,"href":"https:\/\/www.margaritaechenique.com\/en\/wp-json\/wp\/v2\/comments?post=108"}],"version-history":[{"count":93,"href":"https:\/\/www.margaritaechenique.com\/en\/wp-json\/wp\/v2\/pages\/108\/revisions"}],"predecessor-version":[{"id":2321,"href":"https:\/\/www.margaritaechenique.com\/en\/wp-json\/wp\/v2\/pages\/108\/revisions\/2321"}],"wp:attachment":[{"href":"https:\/\/www.margaritaechenique.com\/en\/wp-json\/wp\/v2\/media?parent=108"}],"curies":[{"name":"wp","href":"https:\/\/api.w.org\/{rel}","templated":true}]}}